{"id":806,"date":"2025-03-17T13:24:13","date_gmt":"2025-03-17T16:24:13","guid":{"rendered":"https:\/\/apfacil.com.br\/imoveis\/?page_id=806"},"modified":"2025-04-10T15:15:47","modified_gmt":"2025-04-10T18:15:47","slug":"whatsapp-santa-amelia","status":"publish","type":"page","link":"https:\/\/apfacil.com.br\/imoveis\/whatsapp-santa-amelia\/","title":{"rendered":"WhatsApp &#8211; Santa Am\u00e9lia"},"content":{"rendered":"\t\t<div data-elementor-type=\"wp-page\" data-elementor-id=\"806\" class=\"elementor elementor-806\" data-elementor-post-type=\"page\">\n\t\t\t\t\t\t\t<div class=\"elementor-element elementor-element-0308c9e e-flex e-con-boxed e-con e-parent\" data-id=\"0308c9e\" data-element_type=\"container\" data-settings=\"{&quot;container_type&quot;:&quot;flex&quot;,&quot;content_width&quot;:&quot;boxed&quot;}\" data-core-v316-plus=\"true\">\n\t\t\t\t\t<div class=\"e-con-inner\">\n\t\t\t\t<div class=\"elementor-element elementor-element-9ea429f elementor-widget elementor-widget-heading\" data-id=\"9ea429f\" data-element_type=\"widget\" data-widget_type=\"heading.default\">\n\t\t\t\t<div class=\"elementor-widget-container\">\n\t\t\t<style>\/*! elementor - v3.17.0 - 01-11-2023 *\/\n.elementor-heading-title{padding:0;margin:0;line-height:1}.elementor-widget-heading .elementor-heading-title[class*=elementor-size-]>a{color:inherit;font-size:inherit;line-height:inherit}.elementor-widget-heading .elementor-heading-title.elementor-size-small{font-size:15px}.elementor-widget-heading .elementor-heading-title.elementor-size-medium{font-size:19px}.elementor-widget-heading .elementor-heading-title.elementor-size-large{font-size:29px}.elementor-widget-heading .elementor-heading-title.elementor-size-xl{font-size:39px}.elementor-widget-heading .elementor-heading-title.elementor-size-xxl{font-size:59px}<\/style><h2 class=\"elementor-heading-title elementor-size-default\">J\u00e1 estamos te direcionando para o WhatsApp<\/h2>\t\t<\/div>\n\t\t\t\t<\/div>\n\t\t\t\t<div class=\"elementor-element elementor-element-dd31d6c elementor-widget elementor-widget-image\" data-id=\"dd31d6c\" data-element_type=\"widget\" data-widget_type=\"image.default\">\n\t\t\t\t<div class=\"elementor-widget-container\">\n\t\t\t<style>\/*! elementor - v3.17.0 - 01-11-2023 *\/\n.elementor-widget-image{text-align:center}.elementor-widget-image a{display:inline-block}.elementor-widget-image a img[src$=\".svg\"]{width:48px}.elementor-widget-image img{vertical-align:middle;display:inline-block}<\/style>\t\t\t\t\t\t\t\t\t\t\t\t<img fetchpriority=\"high\" decoding=\"async\" width=\"360\" height=\"450\" src=\"https:\/\/apfacil.com.br\/imoveis\/wp-content\/uploads\/2025\/03\/porta-branca-fechada-isolada_1284-43080.avif\" class=\"attachment-large size-large wp-image-754\" alt=\"\" srcset=\"https:\/\/apfacil.com.br\/imoveis\/wp-content\/uploads\/2025\/03\/porta-branca-fechada-isolada_1284-43080.avif 360w, https:\/\/apfacil.com.br\/imoveis\/wp-content\/uploads\/2025\/03\/porta-branca-fechada-isolada_1284-43080-240x300.avif 240w\" sizes=\"(max-width: 360px) 100vw, 360px\" \/>\t\t\t\t\t\t\t\t\t\t\t\t\t\t\t<\/div>\n\t\t\t\t<\/div>\n\t\t\t\t<div class=\"elementor-element elementor-element-278ae0b elementor-widget elementor-widget-html\" data-id=\"278ae0b\" data-element_type=\"widget\" data-widget_type=\"html.default\">\n\t\t\t\t<div class=\"elementor-widget-container\">\n\t\t\t<!DOCTYPE html>\n<html lang=\"pt\">\n<head>\n    <meta charset=\"UTF-8\">\n    <meta name=\"viewport\" content=\"width=device-width, initial-scale=1.0\">\n    <title>Redirecionando para o WhatsApp...<\/title>\n    \n    <script>\n        function redirectToWhatsApp() {\n            \/\/ Espera 3 segundos antes de redirecionar\n            setTimeout(function() {\n                window.location.href = \"https:\/\/wa.me\/5531992888367?text=Ol\u00e1,%20tenho%20interesse%20no%20empreendimento%20do%20Santa%20Am\u00e9lia,%20pode%20me%20enviar%20mais%20informa\u00e7\u00f5es?\";\n            }, 2500); \/\/ 2500ms = 2,5 segundos\n        }\n\n        \/\/ Aguarda o GTM carregar completamente\n        window.dataLayer = window.dataLayer || [];\n        window.dataLayer.push({\n            'event': 'gtm.load',\n            'eventCallback': function() {\n                console.log('GTM carregado, redirecionando...');\n                setTimeout(redirectToWhatsApp, 2000); \/\/ Tempo extra para garantir que os dados foram enviados\n            },\n            'eventTimeout': function() {\n                console.log('GTM demorou muito para carregar, redirecionando de qualquer forma.');\n                redirectToWhatsApp();\n            }\n        });\n\n        \/\/ Se o evento GTM n\u00e3o disparar, for\u00e7a o redirecionamento ap\u00f3s 5s\n        setTimeout(redirectToWhatsApp, 5000);\n\n        function redirectToWhatsApp() {\n            window.location.href = \"https:\/\/wa.me\/5531992888367?text=Ol\u00e1,%20tenho%20interesse%20no%20empreendimento%20do%20Santa%20Am\u00e9lia,%20pode%20me%20enviar%20mais%20informa\u00e7\u00f5es?\";\n        }\n    <\/script>\n<\/head>\n<body>\n    <p>Redirecionando para o WhatsApp... Se n\u00e3o for redirecionado automaticamente, <a href=\"https:\/\/wa.me\/5531992888367?text=Ol\u00e1,%20tenho%20interesse%20no%20empreendimento%20do%20Santa%20Am\u00e9lia,%20pode%20me%20enviar%20mais%20informa\u00e7\u00f5es?\">clique aqui<\/a>.<\/p>\n<\/body>\n<\/html>\n\t\t<\/div>\n\t\t\t\t<\/div>\n\t\t\t\t\t<\/div>\n\t\t\t\t<\/div>\n\t\t\t\t\t\t\t<\/div>\n\t\t","protected":false},"excerpt":{"rendered":"<p>J\u00e1 estamos te direcionando para o WhatsApp Redirecionando para o WhatsApp&#8230; Redirecionando para o WhatsApp&#8230; Se n\u00e3o for redirecionado automaticamente, clique aqui.<\/p>\n","protected":false},"author":6,"featured_media":0,"parent":0,"menu_order":0,"comment_status":"closed","ping_status":"closed","template":"elementor_header_footer","meta":{"footnotes":""},"class_list":["post-806","page","type-page","status-publish","hentry"],"_links":{"self":[{"href":"https:\/\/apfacil.com.br\/imoveis\/wp-json\/wp\/v2\/pages\/806"}],"collection":[{"href":"https:\/\/apfacil.com.br\/imoveis\/wp-json\/wp\/v2\/pages"}],"about":[{"href":"https:\/\/apfacil.com.br\/imoveis\/wp-json\/wp\/v2\/types\/page"}],"author":[{"embeddable":true,"href":"https:\/\/apfacil.com.br\/imoveis\/wp-json\/wp\/v2\/users\/6"}],"replies":[{"embeddable":true,"href":"https:\/\/apfacil.com.br\/imoveis\/wp-json\/wp\/v2\/comments?post=806"}],"version-history":[{"count":17,"href":"https:\/\/apfacil.com.br\/imoveis\/wp-json\/wp\/v2\/pages\/806\/revisions"}],"predecessor-version":[{"id":1239,"href":"https:\/\/apfacil.com.br\/imoveis\/wp-json\/wp\/v2\/pages\/806\/revisions\/1239"}],"wp:attachment":[{"href":"https:\/\/apfacil.com.br\/imoveis\/wp-json\/wp\/v2\/media?parent=806"}],"curies":[{"name":"wp","href":"https:\/\/api.w.org\/{rel}","templated":true}]}}